{"id":4215,"date":"2016-02-22T10:28:55","date_gmt":"2016-02-22T09:28:55","guid":{"rendered":"http:\/\/envisol.awd-productions.com\/?page_id=4215"},"modified":"2016-02-24T09:27:49","modified_gmt":"2016-02-24T08:27:49","slug":"recrutement","status":"publish","type":"page","link":"https:\/\/envisol.net\/?page_id=4215","title":{"rendered":"Recrutement"},"content":{"rendered":"<style type=\"text\/css\"> \n#cmsms_row_69e59416b0f2e .cmsms_row_outer_parent { \n\tpadding-top: 50px; \n} \n\n#cmsms_row_69e59416b0f2e .cmsms_row_outer_parent { \n\tpadding-bottom: 0px; \n} \n\n#cmsms_row_69e59416b0f2e .cmsms_row_inner.cmsms_row_fullwidth { \n\tpadding-left:0%; \n} \n#cmsms_row_69e59416b0f2e .cmsms_row_inner.cmsms_row_fullwidth { \n\tpadding-right:0%; \n} \n \n#cmsms_heading_69e59416b14b2, #cmsms_heading_69e59416b14b2 a { \n\ttext-align:center; \n\tfont-weight:400; \n\tfont-style:normal; \n\tmargin-top:0px; \n\tmargin-bottom:20px; \n} \n \n#cmsms_row_69e59416b1510 .cmsms_row_outer_parent { \n\tpadding-top: 50px; \n} \n\n#cmsms_row_69e59416b1510 .cmsms_row_outer_parent { \n\tpadding-bottom: 50px; \n} \n\n \n#cmsms_row_69e59416b15b0 .cmsms_row_outer_parent { \n\tpadding-top: 0px; \n} \n\n#cmsms_row_69e59416b15b0 .cmsms_row_outer_parent { \n\tpadding-bottom: 50px; \n} \n\n \n#cmsms_row_69e59416b17f8 .cmsms_row_outer_parent { \n\tpadding-top: 0px; \n} \n\n#cmsms_row_69e59416b17f8 .cmsms_row_outer_parent { \n\tpadding-bottom: 50px; \n} \n\n<\/style><div id=\"cmsms_row_69e59416b0f2e\" class=\"cmsms_row cmsms_color_scheme_default\">\n<div class=\"cmsms_row_outer_parent\">\n<div class=\"cmsms_row_outer\">\n<div class=\"cmsms_row_inner cmsms_row_fullwidth\">\n<div class=\"cmsms_row_margin\">\n<div class=\"cmsms_column one_third\">\n<div class=\"cmsms_img  cmsms_image_r\">\n<img decoding=\"async\" src=\"https:\/\/envisol.net\/wp-content\/uploads\/2015\/07\/trait-marron.png\" alt=\"\" \/>\n<\/div>\n<\/div>\n<div class=\"cmsms_column one_third\">\n<h1 id=\"cmsms_heading_69e59416b14b2\" class=\"cmsms_heading\">NOUS REJOINDRE<\/h1>\n<\/div>\n<div class=\"cmsms_column one_third\">\n<div class=\"cmsms_img  cmsms_image_l\">\n<img decoding=\"async\" src=\"https:\/\/envisol.net\/wp-content\/uploads\/2015\/07\/trait-marron.png\" alt=\"\" \/>\n<\/div>\n<\/div>\n<\/div>\n<\/div>\n<\/div>\n<\/div>\n<\/div>\n<div id=\"cmsms_row_69e59416b1510\" class=\"cmsms_row cmsms_color_scheme_default\">\n<div class=\"cmsms_row_outer_parent\">\n<div class=\"cmsms_row_outer\">\n<div class=\"cmsms_row_inner\">\n<div class=\"cmsms_row_margin\">\n<div class=\"cmsms_column one_first\">\n<div class=\"cmsms_text\">\n<p style=\"text-align: center;\"><span style=\"font-family: 'Trebuchet MS', Geneva; font-size: 12pt;\">Notre croissance g\u00e9n\u00e8re des cr\u00e9ations de postes et des cr\u00e9ations d\u2019agences.<br \/>\nNous recrutons actuellement !<br \/>\nLes postes propos\u00e9s sont pr\u00e9sent\u00e9s ci-dessous :<br \/>\n<\/span><\/p>\n<\/div>\n<\/div>\n<\/div>\n<\/div>\n<\/div>\n<\/div>\n<\/div>\n<div id=\"cmsms_row_69e59416b15b0\" class=\"cmsms_row cmsms_color_scheme_default\">\n<div class=\"cmsms_row_outer_parent\">\n<div class=\"cmsms_row_outer\">\n<div class=\"cmsms_row_inner\">\n<div class=\"cmsms_row_margin\">\n<div class=\"cmsms_column one_first\">\n<div class=\"cmsms_toggles toggles_mode_accordion\">\n<div class=\"cmsms_toggle_wrap\" data-tags=\"all \">\n<div class=\"cmsms_toggle_title\">\n<span class=\"cmsms_toggle_plus\">\n<span class=\"cmsms_toggle_plus_hor\"><\/span>\n<span class=\"cmsms_toggle_plus_vert\"><\/span>\n<\/span>\n<a href=\"#\">Responsables d\u00e9veloppement des agences Est et Sud-Ouest<\/a>\n<\/div>\n<div class=\"cmsms_toggle\">\n<div class=\"cmsms_toggle_inner\">\n<p><strong>Secteur\u00a0: Risques et pollutions (air-sol-bruit)<\/strong><br \/>\n<strong>Fonction(s)\u00a0: Conseil, Encadrement, Etudes\/Projets\/D\u00e9veloppement<\/strong><br \/>\n<strong>Localisation :\u00a0FRA France<\/strong><br \/>\nContrat\u00a0: CDI<br \/>\nStatut\u00a0: Cadre<br \/>\nExp\u00e9rience\u00a0: 3 \u00e0 6 ans<\/p>\n<p><span style=\"font-size: 12pt;\"><strong>Contexte de l\u2019annonce et d\u00e9finition du poste\u00a0:<\/strong><\/span><\/p>\n<p>ENVISOL conna\u00eet une croissance \u00e0 deux chiffres depuis sa cr\u00e9ation en 2009. Notre cliednt\u00e8le actuelle nous am\u00e8ne d\u00e9j\u00e0 \u00e0 travailler sur l\u2019ensemble du territoire fran\u00e7ais.<\/p>\n<p>N\u00e9anmoins compte tenu de notre perspectives d\u2019\u00e9volutions sur les prochains mois, nous souhaiterions renforcer et\/ou cr\u00e9er nos implantaitons dans le grand Est et le Sud-Ouest. Ce maillage nous permettra d\u2019\u00eatre encore plus proche de nos clients et futurs clients et de leur proposer une qualit\u00e9 de services encore plus performante.<\/p>\n<p>Nous recherchons donc deux personnes exp\u00e9riment\u00e9es qui voudraient rejoindre l\u2019aventure ENVISOL et partager nos valeurs\u00a0: Passion \u2013 Comp\u00e9tence \u2013 R\u00e9activit\u00e9 \u2013 Innovation<\/p>\n<p>Le poste comprend une large part d\u2019autonomie pour mener \u00e0 bien les missions confi\u00e9es\u00a0:<\/p>\n<ul>\n<li>Prospection et d\u00e9veloppement commercial, 30% du temps,<\/li>\n<li>Lobying, cr\u00e9ation de r\u00e9seau, animation d\u2019\u00e9v\u00e8nements, 20% du temps,<\/li>\n<li>Production, r\u00e9alisation d\u2019\u00e9tudes (selon comp\u00e9tences de la personne), 50% du temps<\/li>\n<\/ul>\n<p>Un soutien technique, organisationnel et commercial sera apport\u00e9.<\/p>\n<p>D\u00e9pendamment de la motivation, de l\u2019implication et la r\u00e9ussite commerciale des personnes choisies, le poste est susceptible d\u2019\u00e9vlouer vers de la direction d\u2019agence (Est, Sud-Ouest) avec des missions de management en plus ainsi qu\u2019une forte \u00e9volution salariale.<\/p>\n<p><strong><span style=\"font-size: 12pt;\">Profil recherch\u00e9\u00a0:<\/span><\/strong><\/p>\n<ul>\n<li>les personnes recherch\u00e9es doivent avoir une formation \u00e0 bac+5 minimum dans des domaines connexes au conseil et \u00e0 l\u2019ing\u00e9nierie pour la gestion des sites et des sols pollu\u00e9s (g\u00e9ologie, HSE, chimie, mines, etc\u2026)<\/li>\n<li>les personnes recherch\u00e9es doivent avoir plusieurs ann\u00e9es d\u2019exp\u00e9rience en gestion de projet \u00ab\u00a0sites et sols pollu\u00e9s\u00a0\u00bb\u00a0; connaisances de la norme NFX 31-620<\/li>\n<li>Fortes comp\u00e9tences commerciales souhait\u00e9es<\/li>\n<\/ul>\n<\/div>\n<\/div>\n<\/div><div class=\"cmsms_toggle_wrap\" data-tags=\"all \">\n<div class=\"cmsms_toggle_title\">\n<span class=\"cmsms_toggle_plus\">\n<span class=\"cmsms_toggle_plus_hor\"><\/span>\n<span class=\"cmsms_toggle_plus_vert\"><\/span>\n<\/span>\n<a href=\"#\">Responsables d\u00e9veloppement des agences Est et Sud-Ouest<\/a>\n<\/div>\n<div class=\"cmsms_toggle\">\n<div class=\"cmsms_toggle_inner\">\n<p><strong>Fonction(s)\u00a0: Etudes\/Projets\/D\u00e9veloppement<\/strong><br \/>\n<strong>Localisation\u00a0: FRZ Normandie (Haute-)<\/strong><br \/>\nContrat\u00a0: CDI<br \/>\nStatut\u00a0: Cadre<br \/>\nExp\u00e9rience :\u00a01 \u00e0 3 ans<\/p>\n<p><span style=\"font-size: 12pt;\"><strong>Contexte de l\u2019annonce et d\u00e9finition du poste\u00a0:<\/strong><\/span><\/p>\n<p>Localisation du poste\u00a0: Rouen<\/p>\n<p>ENVISOL recherche un\/e chef de projet junior\/e ou un\/e ing\u00e9nieur\/e d\u2019\u00e9tudes pour prendre en charge des projets de complexit\u00e9 diverse et accompagner sa croissance.<\/p>\n<p>Le contenu du poste d\u00e9pendra des comp\u00e9tences, de l\u2019envie et de l\u2019ambition de la personne recrut\u00e9e.<\/p>\n<p>N\u00e9anmoins nous envisageons la r\u00e9partition suivante\u00a0:<\/p>\n<ul>\n<li>R\u00e9aliser \u00e0 60% de son temps les missions classiques de terrain dans le domaine de la gestion des sites et sols pollu\u00e9s<\/li>\n<li>R\u00e9aliser \u00e0 30% de son temps au bureau la r\u00e9daction d\u2019\u00e9tudes classiques dans le domaine de la gestion des sites et sols pollu\u00e9s<\/li>\n<li>R\u00e9diger des offres techniques et commerciales dans le cadre de r\u00e9ponse \u00e0 des AO ou en gr\u00e9 \u00e0 gr\u00e9 \u00e0 10% de son temps<\/li>\n<\/ul>\n<p><span style=\"font-size: 12pt;\"><strong>Profil recherch\u00e9\u00a0:<\/strong><\/span><\/p>\n<p>R\u00e9mun\u00e9ration\u00a0: R\u00e9mun\u00e9ration attractive selon motivation<\/p>\n<\/div>\n<\/div>\n<\/div><div class=\"cmsms_toggle_wrap\" data-tags=\"all \">\n<div class=\"cmsms_toggle_title\">\n<span class=\"cmsms_toggle_plus\">\n<span class=\"cmsms_toggle_plus_hor\"><\/span>\n<span class=\"cmsms_toggle_plus_vert\"><\/span>\n<\/span>\n<a href=\"#\">Comptable polyvalent<\/a>\n<\/div>\n<div class=\"cmsms_toggle\">\n<div class=\"cmsms_toggle_inner\">\n<p><strong>Localisation\u00a0<\/strong>: Bourgoin-Jallieu<\/p>\n<p><strong>Contrat\u00a0<\/strong>: CDI \u2013 temps plein ou mi-temps<\/p>\n<p><strong>Exp\u00e9rience\u00a0<\/strong>: 1 \u00e0 3 ans.<\/p>\n<\/div>\n<\/div>\n<\/div><div class=\"cmsms_toggle_wrap\" data-tags=\"all \">\n<div class=\"cmsms_toggle_title\">\n<span class=\"cmsms_toggle_plus\">\n<span class=\"cmsms_toggle_plus_hor\"><\/span>\n<span class=\"cmsms_toggle_plus_vert\"><\/span>\n<\/span>\n<a href=\"#\">Assistante commerciale<\/a>\n<\/div>\n<div class=\"cmsms_toggle\">\n<div class=\"cmsms_toggle_inner\">\n<p><strong>Localisation\u00a0<\/strong>: Bourgoin-Jallieu<\/p>\n<p><strong>Contrat\u00a0<\/strong>: CDI \u2013 temps plein<\/p>\n<p><strong>Exp\u00e9rience\u00a0<\/strong>: 1 \u00e0 3 ans.<\/p>\n<\/div>\n<\/div>\n<\/div><\/div>\n<\/div>\n<\/div>\n<\/div>\n<\/div>\n<\/div>\n<\/div>\n<div id=\"cmsms_row_69e59416b17f8\" class=\"cmsms_row cmsms_color_scheme_default\">\n<div class=\"cmsms_row_outer_parent\">\n<div class=\"cmsms_row_outer\">\n<div class=\"cmsms_row_inner\">\n<div class=\"cmsms_row_margin\">\n<div class=\"cmsms_column one_first\">\n<div class=\"cmsms_text\">\n<p style=\"text-align: justify;\"><span style=\"font-family: 'Trebuchet MS', Geneva; font-size: 12pt;\">M\u00eame si les postes propos\u00e9s ne correspondent pas \u00e0 votre profil, dans le cadre de son d\u00e9veloppement, ENVISOL recrute r\u00e9guli\u00e8rement des ing\u00e9nieurs exp\u00e9riment\u00e9s ou d\u00e9butants.<\/span><\/p>\n<p style=\"text-align: justify;\"><span style=\"font-family: 'Trebuchet MS', Geneva; font-size: 12pt;\">Si vous souhaitez rejoindre une soci\u00e9t\u00e9 dynamique et innovante n\u2019h\u00e9sitez-pas \u00e0 envoyer votre candidature par email \u00e0 l\u2019adresse <a href=\"mailto:contact@envisol.fr\">contact@envisol.fr<\/a><\/span><\/p>\n<\/div>\n<\/div>\n<\/div>\n<\/div>\n<\/div>\n<\/div>\n<\/div>\n\n","protected":false},"excerpt":{"rendered":"","protected":false},"author":1,"featured_media":0,"parent":0,"menu_order":0,"comment_status":"closed","ping_status":"closed","template":"","meta":{"footnotes":""},"yoast_head":"<!-- This site is optimized with the Yoast SEO plugin v22.0 - https:\/\/yoast.com\/wordpress\/plugins\/seo\/ -->\n<title>Recrutement - ENVISOL<\/title>\n<meta name=\"robots\" content=\"index, follow, max-snippet:-1, max-image-preview:large, max-video-preview:-1\" \/>\n<link rel=\"canonical\" href=\"http:\/\/envisol.net\/?page_id=4215\" \/>\n<meta property=\"og:locale\" content=\"fr_FR\" \/>\n<meta property=\"og:type\" content=\"article\" \/>\n<meta property=\"og:title\" content=\"Recrutement - ENVISOL\" \/>\n<meta property=\"og:url\" content=\"http:\/\/envisol.net\/?page_id=4215\" \/>\n<meta property=\"og:site_name\" content=\"ENVISOL\" \/>\n<meta property=\"article:modified_time\" content=\"2016-02-24T08:27:49+00:00\" \/>\n<meta name=\"twitter:card\" content=\"summary_large_image\" \/>\n<meta name=\"twitter:label1\" content=\"Dur\u00e9e de lecture estim\u00e9e\" \/>\n\t<meta name=\"twitter:data1\" content=\"4 minutes\" \/>\n<script type=\"application\/ld+json\" class=\"yoast-schema-graph\">{\"@context\":\"https:\/\/schema.org\",\"@graph\":[{\"@type\":\"WebPage\",\"@id\":\"http:\/\/envisol.net\/?page_id=4215\",\"url\":\"http:\/\/envisol.net\/?page_id=4215\",\"name\":\"Recrutement - ENVISOL\",\"isPartOf\":{\"@id\":\"http:\/\/envisol.net\/#website\"},\"datePublished\":\"2016-02-22T09:28:55+00:00\",\"dateModified\":\"2016-02-24T08:27:49+00:00\",\"breadcrumb\":{\"@id\":\"http:\/\/envisol.net\/?page_id=4215#breadcrumb\"},\"inLanguage\":\"fr-FR\",\"potentialAction\":[{\"@type\":\"ReadAction\",\"target\":[\"http:\/\/envisol.net\/?page_id=4215\"]}]},{\"@type\":\"BreadcrumbList\",\"@id\":\"http:\/\/envisol.net\/?page_id=4215#breadcrumb\",\"itemListElement\":[{\"@type\":\"ListItem\",\"position\":1,\"name\":\"Accueil\",\"item\":\"http:\/\/envisol.net\/\"},{\"@type\":\"ListItem\",\"position\":2,\"name\":\"Recrutement\"}]},{\"@type\":\"WebSite\",\"@id\":\"http:\/\/envisol.net\/#website\",\"url\":\"http:\/\/envisol.net\/\",\"name\":\"ENVISOL\",\"description\":\"Agile par nature\",\"potentialAction\":[{\"@type\":\"SearchAction\",\"target\":{\"@type\":\"EntryPoint\",\"urlTemplate\":\"http:\/\/envisol.net\/?s={search_term_string}\"},\"query-input\":\"required name=search_term_string\"}],\"inLanguage\":\"fr-FR\"}]}<\/script>\n<!-- \/ Yoast SEO plugin. -->","yoast_head_json":{"title":"Recrutement - ENVISOL","robots":{"index":"index","follow":"follow","max-snippet":"max-snippet:-1","max-image-preview":"max-image-preview:large","max-video-preview":"max-video-preview:-1"},"canonical":"http:\/\/envisol.net\/?page_id=4215","og_locale":"fr_FR","og_type":"article","og_title":"Recrutement - ENVISOL","og_url":"http:\/\/envisol.net\/?page_id=4215","og_site_name":"ENVISOL","article_modified_time":"2016-02-24T08:27:49+00:00","twitter_card":"summary_large_image","twitter_misc":{"Dur\u00e9e de lecture estim\u00e9e":"4 minutes"},"schema":{"@context":"https:\/\/schema.org","@graph":[{"@type":"WebPage","@id":"http:\/\/envisol.net\/?page_id=4215","url":"http:\/\/envisol.net\/?page_id=4215","name":"Recrutement - ENVISOL","isPartOf":{"@id":"http:\/\/envisol.net\/#website"},"datePublished":"2016-02-22T09:28:55+00:00","dateModified":"2016-02-24T08:27:49+00:00","breadcrumb":{"@id":"http:\/\/envisol.net\/?page_id=4215#breadcrumb"},"inLanguage":"fr-FR","potentialAction":[{"@type":"ReadAction","target":["http:\/\/envisol.net\/?page_id=4215"]}]},{"@type":"BreadcrumbList","@id":"http:\/\/envisol.net\/?page_id=4215#breadcrumb","itemListElement":[{"@type":"ListItem","position":1,"name":"Accueil","item":"http:\/\/envisol.net\/"},{"@type":"ListItem","position":2,"name":"Recrutement"}]},{"@type":"WebSite","@id":"http:\/\/envisol.net\/#website","url":"http:\/\/envisol.net\/","name":"ENVISOL","description":"Agile par nature","potentialAction":[{"@type":"SearchAction","target":{"@type":"EntryPoint","urlTemplate":"http:\/\/envisol.net\/?s={search_term_string}"},"query-input":"required name=search_term_string"}],"inLanguage":"fr-FR"}]}},"_links":{"self":[{"href":"https:\/\/envisol.net\/index.php?rest_route=\/wp\/v2\/pages\/4215"}],"collection":[{"href":"https:\/\/envisol.net\/index.php?rest_route=\/wp\/v2\/pages"}],"about":[{"href":"https:\/\/envisol.net\/index.php?rest_route=\/wp\/v2\/types\/page"}],"author":[{"embeddable":true,"href":"https:\/\/envisol.net\/index.php?rest_route=\/wp\/v2\/users\/1"}],"replies":[{"embeddable":true,"href":"https:\/\/envisol.net\/index.php?rest_route=%2Fwp%2Fv2%2Fcomments&post=4215"}],"version-history":[{"count":13,"href":"https:\/\/envisol.net\/index.php?rest_route=\/wp\/v2\/pages\/4215\/revisions"}],"predecessor-version":[{"id":4247,"href":"https:\/\/envisol.net\/index.php?rest_route=\/wp\/v2\/pages\/4215\/revisions\/4247"}],"wp:attachment":[{"href":"https:\/\/envisol.net\/index.php?rest_route=%2Fwp%2Fv2%2Fmedia&parent=4215"}],"curies":[{"name":"wp","href":"https:\/\/api.w.org\/{rel}","templated":true}]}}